{"id":76,"date":"2022-04-23T19:18:08","date_gmt":"2022-04-23T17:18:08","guid":{"rendered":"https:\/\/20.rotaract-luzern.ch\/?post_type=product&#038;p=76"},"modified":"2022-09-24T13:25:00","modified_gmt":"2022-09-24T11:25:00","slug":"sponsoring-ticket","status":"publish","type":"product","link":"https:\/\/20.rotaract-luzern.ch\/?product=sponsoring-ticket","title":{"rendered":"Big Spender Ticket"},"content":{"rendered":"<p>Du m\u00f6chtest unsere Charterfeier nicht nur erleben sondern auch unterst\u00fctzen? Dann kaufe das &#8222;Sponsoring Ticket&#8220;. Es ist nur ein wenig teurer aber daf\u00fcr hilfst du uns einen noch besseren Abend zu gestalten &#8230; und du wirst namentlich erw\u00e4hnt!<\/p>\n<p>Im Ticket inbegriffen ist:<\/p>\n<ul>\n<li>Zeitreise in die wilden 20er Jahre<\/li>\n<li>Apero und Flying Dinner<\/li>\n<li>Party mit Liveband<\/li>\n<\/ul>\n","protected":false},"excerpt":{"rendered":"<p>Du m\u00f6chtest unsere Charterfeier nicht nur erleben sondern auch unterst\u00fctzen? Dann kaufe das &#8222;Sponsoring Ticket&#8220;. Es ist nur ein wenig teurer aber daf\u00fcr hilfst du uns einen noch besseren Abend zu gestalten &#8230; und du wirst namentlich erw\u00e4hnt! Im Ticket inbegriffen ist: Zeitreise in die wilden 20er Jahre Apero und Flying Dinner Party mit Liveband<\/p>\n","protected":false},"featured_media":145,"template":"","meta":{"site-sidebar-layout":"default","site-content-layout":"default","ast-site-content-layout":"default","site-content-style":"default","site-sidebar-style":"default","ast-global-header-display":"","ast-banner-title-visibility":"","ast-main-header-display":"","ast-hfb-above-header-display":"","ast-hfb-below-header-display":"","ast-hfb-mobile-header-display":"","site-post-title":"","ast-breadcrumbs-content":"","ast-featured-img":"","footer-sml-layout":"","ast-disable-related-posts":"","theme-transparent-header-meta":"default","adv-header-id-meta":"","stick-header-meta":"","header-above-stick-meta":"","header-main-stick-meta":"","header-below-stick-meta":"","astra-migrate-meta-layouts":"default","ast-page-background-enabled":"default","ast-page-background-meta":{"desktop":{"background-color":"var(--ast-global-color-4)","background-image":"","background-repeat":"repeat","background-position":"center center","background-size":"auto","background-attachment":"scroll","background-type":"","background-media":"","overlay-type":"","overlay-color":"","overlay-opacity":"","overlay-gradient":""},"tablet":{"background-color":"","background-image":"","background-repeat":"repeat","background-position":"center center","background-size":"auto","background-attachment":"scroll","background-type":"","background-media":"","overlay-type":"","overlay-color":"","overlay-opacity":"","overlay-gradient":""},"mobile":{"background-color":"","background-image":"","background-repeat":"repeat","background-position":"center center","background-size":"auto","background-attachment":"scroll","background-type":"","background-media":"","overlay-type":"","overlay-color":"","overlay-opacity":"","overlay-gradient":""}},"ast-content-background-meta":{"desktop":{"background-color":"var(--ast-global-color-5)","background-image":"","background-repeat":"repeat","background-position":"center center","background-size":"auto","background-attachment":"scroll","background-type":"","background-media":"","overlay-type":"","overlay-color":"","overlay-opacity":"","overlay-gradient":""},"tablet":{"background-color":"var(--ast-global-color-5)","background-image":"","background-repeat":"repeat","background-position":"center center","background-size":"auto","background-attachment":"scroll","background-type":"","background-media":"","overlay-type":"","overlay-color":"","overlay-opacity":"","overlay-gradient":""},"mobile":{"background-color":"var(--ast-global-color-5)","background-image":"","background-repeat":"repeat","background-position":"center center","background-size":"auto","background-attachment":"scroll","background-type":"","background-media":"","overlay-type":"","overlay-color":"","overlay-opacity":"","overlay-gradient":""}}},"product_brand":[],"product_cat":[15],"product_tag":[],"class_list":{"0":"post-76","1":"product","2":"type-product","3":"status-publish","4":"has-post-thumbnail","6":"product_cat-tickets","7":"desktop-align-left","8":"tablet-align-left","9":"mobile-align-left","11":"first","12":"outofstock","13":"virtual","14":"purchasable","15":"product-type-simple"},"_links":{"self":[{"href":"https:\/\/20.rotaract-luzern.ch\/index.php?rest_route=\/wp\/v2\/product\/76","targetHints":{"allow":["GET"]}}],"collection":[{"href":"https:\/\/20.rotaract-luzern.ch\/index.php?rest_route=\/wp\/v2\/product"}],"about":[{"href":"https:\/\/20.rotaract-luzern.ch\/index.php?rest_route=\/wp\/v2\/types\/product"}],"wp:featuredmedia":[{"embeddable":true,"href":"https:\/\/20.rotaract-luzern.ch\/index.php?rest_route=\/wp\/v2\/media\/145"}],"wp:attachment":[{"href":"https:\/\/20.rotaract-luzern.ch\/index.php?rest_route=%2Fwp%2Fv2%2Fmedia&parent=76"}],"wp:term":[{"taxonomy":"product_brand","embeddable":true,"href":"https:\/\/20.rotaract-luzern.ch\/index.php?rest_route=%2Fwp%2Fv2%2Fproduct_brand&post=76"},{"taxonomy":"product_cat","embeddable":true,"href":"https:\/\/20.rotaract-luzern.ch\/index.php?rest_route=%2Fwp%2Fv2%2Fproduct_cat&post=76"},{"taxonomy":"product_tag","embeddable":true,"href":"https:\/\/20.rotaract-luzern.ch\/index.php?rest_route=%2Fwp%2Fv2%2Fproduct_tag&post=76"}],"curies":[{"name":"wp","href":"https:\/\/api.w.org\/{rel}","templated":true}]}}